{"id":1098,"date":"2025-04-23T05:54:53","date_gmt":"2025-04-23T05:54:53","guid":{"rendered":"https:\/\/\/activities\/"},"modified":"2025-06-16T06:35:32","modified_gmt":"2025-06-16T06:35:32","slug":"tours","status":"publish","type":"page","link":"https:\/\/robalotours.com\/en\/tours\/","title":{"rendered":"Excursiones Inolvidables en Bocas del Toro"},"content":{"rendered":"<div class=\"wp-block-uagb-container uagb-block-a9bb4430 default uagb-is-root-container\">\n<div class=\"wp-block-uagb-advanced-heading uagb-block-f2125980\"><h4 class=\"uagb-heading-text\">Our tours<\/h4><\/div>\n<\/div>\n\n\n\n<div class=\"wp-block-uagb-container uagb-block-e84539f5 alignfull uagb-is-root-container\"><div class=\"uagb-container-inner-blocks-wrap\">\n<div class=\"wp-block-uagb-advanced-heading uagb-block-6f3a0516\"><h4 class=\"uagb-heading-text\">Get to know the tours that make of Panama a tropical treasure<\/h4><\/div>\n\n\n\n<div class=\"wp-block-uagb-container uagb-block-2b437031\">\n\t\t\t<div class=\"wp-block-uagb-post-grid uagb-post-grid  uagb-post__image-position-top uagb-post__image-enabled uagb-block-70d6a445     uagb-post__items uagb-post__columns-3 is-grid uagb-post__columns-tablet-2 uagb-post__columns-mobile-1 uagb-post__equal-height uagb-equal_height_inline-read-more-buttons\" data-total=\"1\" style=\"\">\n\n\t\t\t\t\t\t\t\t\t\t\t\t<article class=\"uagb-post__inner-wrap\">\t\t\t\t\t\t\t\t<div class='uagb-post__image'>\n\t\t\t\t\t\t\t\t\t<a href=\"https:\/\/robalotours.com\/en\/tours\/tour-bocas-del-drago\/\" target=\"_self\" rel=\"bookmark noopener noreferrer\" class='uagb-image-ratio-1-1'><img loading=\"lazy\" decoding=\"async\" width=\"1024\" height=\"768\" src=\"https:\/\/robalotours.com\/wp-content\/uploads\/2025\/05\/isla-de-los-pajaos-tour-bocas-del-toro-1024x768.webp\" class=\"attachment-large size-large\" alt=\"Isla de los p\u00e1jaros con vegetaci\u00f3n exuberante y arco natural sobre el mar Caribe en Bocas del Toro, Panam\u00e1\" srcset=\"https:\/\/robalotours.com\/wp-content\/uploads\/2025\/05\/isla-de-los-pajaos-tour-bocas-del-toro-1024x768.webp 1024w, https:\/\/robalotours.com\/wp-content\/uploads\/2025\/05\/isla-de-los-pajaos-tour-bocas-del-toro-300x225.webp 300w, https:\/\/robalotours.com\/wp-content\/uploads\/2025\/05\/isla-de-los-pajaos-tour-bocas-del-toro-768x576.webp 768w, https:\/\/robalotours.com\/wp-content\/uploads\/2025\/05\/isla-de-los-pajaos-tour-bocas-del-toro-1536x1152.webp 1536w, https:\/\/robalotours.com\/wp-content\/uploads\/2025\/05\/isla-de-los-pajaos-tour-bocas-del-toro-2048x1536.webp 2048w, https:\/\/robalotours.com\/wp-content\/uploads\/2025\/05\/isla-de-los-pajaos-tour-bocas-del-toro-16x12.webp 16w\" sizes=\"auto, (max-width: 1024px) 100vw, 1024px\" \/>\t\t\t\t\t<\/a>\n\t\t\t\t\t\t\t<\/div>\n\t\t\t\t\t\t<h3 class=\"uagb-post__title uagb-post__text\">\n\t\t\t\t<a href=\"https:\/\/robalotours.com\/en\/tours\/tour-bocas-del-drago\/\" target=\"_self\" rel=\"bookmark noopener noreferrer\">Bocas del Drago Tour: Crystalline Waters and Natural Adventure<\/a>\n\t\t\t<\/h3>\n\t\t\t\t\t\t<div class='uagb-post__text uagb-post-grid-byline'>\n\t\t\t\t\t\t\t<\/div>\n\t\t\t\t\t\t\t<div class='uagb-post__text uagb-post__excerpt'>\n\t\t\t\t\t<p>Bocas del Drago Tour Live an unforgettable experience in Bocas del Toro through the waters...\t\t\t\t<\/div>\n\t\t\t\t\t\t<div class=\"uagb-post__text uagb-post__cta wp-block-button\">\n\t\t\t\t<a class=\"wp-block-button__link uagb-text-link\" style=\"\" href=\"https:\/\/robalotours.com\/en\/tours\/tour-bocas-del-drago\/\" target=\"_self\" rel=\"bookmark noopener noreferrer\">More details<\/a>\n\t\t\t<\/div>\n\t\t\t\n\t\t\t\t\t\t\t\t\t<\/article>\n\t\t\t\t\t\t\t\t\t\t\t\t\t\t\t\t<article class=\"uagb-post__inner-wrap\">\t\t\t\t\t\t\t\t<div class='uagb-post__image'>\n\t\t\t\t\t\t\t\t\t<a href=\"https:\/\/robalotours.com\/en\/tours\/tour-punta-hospital\/\" target=\"_self\" rel=\"bookmark noopener noreferrer\" class='uagb-image-ratio-1-1'><img loading=\"lazy\" decoding=\"async\" width=\"1024\" height=\"768\" src=\"https:\/\/robalotours.com\/wp-content\/uploads\/2025\/05\/playa-estrella-tour-1024x768.webp\" class=\"attachment-large size-large\" alt=\"Vista panor\u00e1mica de Playa Estrella con palmeras y caba\u00f1as frente al mar Caribe en Bocas del Toro, Panam\u00e1\" srcset=\"https:\/\/robalotours.com\/wp-content\/uploads\/2025\/05\/playa-estrella-tour-1024x768.webp 1024w, https:\/\/robalotours.com\/wp-content\/uploads\/2025\/05\/playa-estrella-tour-300x225.webp 300w, https:\/\/robalotours.com\/wp-content\/uploads\/2025\/05\/playa-estrella-tour-768x576.webp 768w, https:\/\/robalotours.com\/wp-content\/uploads\/2025\/05\/playa-estrella-tour-1536x1152.webp 1536w, https:\/\/robalotours.com\/wp-content\/uploads\/2025\/05\/playa-estrella-tour-2048x1536.webp 2048w, https:\/\/robalotours.com\/wp-content\/uploads\/2025\/05\/playa-estrella-tour-16x12.webp 16w\" sizes=\"auto, (max-width: 1024px) 100vw, 1024px\" \/>\t\t\t\t\t<\/a>\n\t\t\t\t\t\t\t<\/div>\n\t\t\t\t\t\t<h3 class=\"uagb-post__title uagb-post__text\">\n\t\t\t\t<a href=\"https:\/\/robalotours.com\/en\/tours\/tour-punta-hospital\/\" target=\"_self\" rel=\"bookmark noopener noreferrer\">Punta Hospital Tour: Relaxing experience<\/a>\n\t\t\t<\/h3>\n\t\t\t\t\t\t<div class='uagb-post__text uagb-post-grid-byline'>\n\t\t\t\t\t\t\t<\/div>\n\t\t\t\t\t\t\t<div class='uagb-post__text uagb-post__excerpt'>\n\t\t\t\t\t<p>Punta Hospital Tour Enjoy an unforgettable tour of Playa Estrella, Punta Hospital and the famous...\t\t\t\t<\/div>\n\t\t\t\t\t\t<div class=\"uagb-post__text uagb-post__cta wp-block-button\">\n\t\t\t\t<a class=\"wp-block-button__link uagb-text-link\" style=\"\" href=\"https:\/\/robalotours.com\/en\/tours\/tour-punta-hospital\/\" target=\"_self\" rel=\"bookmark noopener noreferrer\">More details<\/a>\n\t\t\t<\/div>\n\t\t\t\n\t\t\t\t\t\t\t\t\t<\/article>\n\t\t\t\t\t\t\t\t\t\t\t\t\t\t\t\t<article class=\"uagb-post__inner-wrap\">\t\t\t\t\t\t\t\t<div class='uagb-post__image'>\n\t\t\t\t\t\t\t\t\t<a href=\"https:\/\/robalotours.com\/en\/tours\/tour-cayo-zapatilla\/\" target=\"_self\" rel=\"bookmark noopener noreferrer\" class='uagb-image-ratio-1-1'><img loading=\"lazy\" decoding=\"async\" width=\"1024\" height=\"768\" src=\"https:\/\/robalotours.com\/wp-content\/uploads\/2025\/05\/cayo-zapatilla-recorrido-1024x768.webp\" class=\"attachment-large size-large\" alt=\"Grupo de visitantes relaj\u00e1ndose frente al mar en la playa de Cayo Zapatilla\" srcset=\"https:\/\/robalotours.com\/wp-content\/uploads\/2025\/05\/cayo-zapatilla-recorrido-1024x768.webp 1024w, https:\/\/robalotours.com\/wp-content\/uploads\/2025\/05\/cayo-zapatilla-recorrido-300x225.webp 300w, https:\/\/robalotours.com\/wp-content\/uploads\/2025\/05\/cayo-zapatilla-recorrido-768x576.webp 768w, https:\/\/robalotours.com\/wp-content\/uploads\/2025\/05\/cayo-zapatilla-recorrido-1536x1152.webp 1536w, https:\/\/robalotours.com\/wp-content\/uploads\/2025\/05\/cayo-zapatilla-recorrido-2048x1536.webp 2048w, https:\/\/robalotours.com\/wp-content\/uploads\/2025\/05\/cayo-zapatilla-recorrido-16x12.webp 16w\" sizes=\"auto, (max-width: 1024px) 100vw, 1024px\" \/>\t\t\t\t\t<\/a>\n\t\t\t\t\t\t\t<\/div>\n\t\t\t\t\t\t<h3 class=\"uagb-post__title uagb-post__text\">\n\t\t\t\t<a href=\"https:\/\/robalotours.com\/en\/tours\/tour-cayo-zapatilla\/\" target=\"_self\" rel=\"bookmark noopener noreferrer\">Cayo Zapatilla Tour: Paradise adventure in Bocas del Toro<\/a>\n\t\t\t<\/h3>\n\t\t\t\t\t\t<div class='uagb-post__text uagb-post-grid-byline'>\n\t\t\t\t\t\t\t<\/div>\n\t\t\t\t\t\t\t<div class='uagb-post__text uagb-post__excerpt'>\n\t\t\t\t\t<p>Zapatilla Key Tour Embark on a tour full of natural wonders in Bocas del Toro:...\t\t\t\t<\/div>\n\t\t\t\t\t\t<div class=\"uagb-post__text uagb-post__cta wp-block-button\">\n\t\t\t\t<a class=\"wp-block-button__link uagb-text-link\" style=\"\" href=\"https:\/\/robalotours.com\/en\/tours\/tour-cayo-zapatilla\/\" target=\"_self\" rel=\"bookmark noopener noreferrer\">More details<\/a>\n\t\t\t<\/div>\n\t\t\t\n\t\t\t\t\t\t\t\t\t<\/article>\n\t\t\t\t\t\t\t\t\t\t\t\t\t\t\t\t<article class=\"uagb-post__inner-wrap\">\t\t\t\t\t\t\t\t<div class='uagb-post__image'>\n\t\t\t\t\t\t\t\t\t<a href=\"https:\/\/robalotours.com\/en\/tours\/tour-escudo-de-veraguas\/\" target=\"_self\" rel=\"bookmark noopener noreferrer\" class='uagb-image-ratio-1-1'><img loading=\"lazy\" decoding=\"async\" width=\"1024\" height=\"768\" src=\"https:\/\/robalotours.com\/wp-content\/uploads\/2025\/06\/escudo-de-veraguas-vista-4-1024x768.webp\" class=\"attachment-large size-large\" alt=\"Traves\u00eda natural en Escudo de Veraguas hacia playas escondidas.\" srcset=\"https:\/\/robalotours.com\/wp-content\/uploads\/2025\/06\/escudo-de-veraguas-vista-4-1024x768.webp 1024w, https:\/\/robalotours.com\/wp-content\/uploads\/2025\/06\/escudo-de-veraguas-vista-4-300x225.webp 300w, https:\/\/robalotours.com\/wp-content\/uploads\/2025\/06\/escudo-de-veraguas-vista-4-768x576.webp 768w, https:\/\/robalotours.com\/wp-content\/uploads\/2025\/06\/escudo-de-veraguas-vista-4-1536x1152.webp 1536w, https:\/\/robalotours.com\/wp-content\/uploads\/2025\/06\/escudo-de-veraguas-vista-4-2048x1536.webp 2048w, https:\/\/robalotours.com\/wp-content\/uploads\/2025\/06\/escudo-de-veraguas-vista-4-16x12.webp 16w\" sizes=\"auto, (max-width: 1024px) 100vw, 1024px\" \/>\t\t\t\t\t<\/a>\n\t\t\t\t\t\t\t<\/div>\n\t\t\t\t\t\t<h3 class=\"uagb-post__title uagb-post__text\">\n\t\t\t\t<a href=\"https:\/\/robalotours.com\/en\/tours\/tour-escudo-de-veraguas\/\" target=\"_self\" rel=\"bookmark noopener noreferrer\">Escudo de Veraguas Tour: Hidden Paradise<\/a>\n\t\t\t<\/h3>\n\t\t\t\t\t\t<div class='uagb-post__text uagb-post-grid-byline'>\n\t\t\t\t\t\t\t<\/div>\n\t\t\t\t\t\t\t<div class='uagb-post__text uagb-post__excerpt'>\n\t\t\t\t\t<p>Escudo de Veraguas Tour Visit Escudo de Veraguas, a hidden jewel in the Caribbean of...\t\t\t\t<\/div>\n\t\t\t\t\t\t<div class=\"uagb-post__text uagb-post__cta wp-block-button\">\n\t\t\t\t<a class=\"wp-block-button__link uagb-text-link\" style=\"\" href=\"https:\/\/robalotours.com\/en\/tours\/tour-escudo-de-veraguas\/\" target=\"_self\" rel=\"bookmark noopener noreferrer\">More details<\/a>\n\t\t\t<\/div>\n\t\t\t\n\t\t\t\t\t\t\t\t\t<\/article>\n\t\t\t\t\t\t\t\t\t\t\t\t\t\t\t\t<article class=\"uagb-post__inner-wrap\">\t\t\t\t\t\t\t\t<div class='uagb-post__image'>\n\t\t\t\t\t\t\t\t\t<a href=\"https:\/\/robalotours.com\/en\/tours\/caminata-alto-chorro\/\" target=\"_self\" rel=\"bookmark noopener noreferrer\" class='uagb-image-ratio-1-1'><img loading=\"lazy\" decoding=\"async\" width=\"1024\" height=\"768\" src=\"https:\/\/robalotours.com\/wp-content\/uploads\/2025\/05\/alto-chorro-letrero-1024x768.webp\" class=\"attachment-large size-large\" alt=\"Cartel de bienvenida a la cascada Alto Chorro, punto de inicio para una aventura entre cataratas y bosque tropical\" srcset=\"https:\/\/robalotours.com\/wp-content\/uploads\/2025\/05\/alto-chorro-letrero-1024x768.webp 1024w, https:\/\/robalotours.com\/wp-content\/uploads\/2025\/05\/alto-chorro-letrero-300x225.webp 300w, https:\/\/robalotours.com\/wp-content\/uploads\/2025\/05\/alto-chorro-letrero-768x576.webp 768w, https:\/\/robalotours.com\/wp-content\/uploads\/2025\/05\/alto-chorro-letrero-1536x1152.webp 1536w, https:\/\/robalotours.com\/wp-content\/uploads\/2025\/05\/alto-chorro-letrero-2048x1536.webp 2048w, https:\/\/robalotours.com\/wp-content\/uploads\/2025\/05\/alto-chorro-letrero-16x12.webp 16w\" sizes=\"auto, (max-width: 1024px) 100vw, 1024px\" \/>\t\t\t\t\t<\/a>\n\t\t\t\t\t\t\t<\/div>\n\t\t\t\t\t\t<h3 class=\"uagb-post__title uagb-post__text\">\n\t\t\t\t<a href=\"https:\/\/robalotours.com\/en\/tours\/caminata-alto-chorro\/\" target=\"_self\" rel=\"bookmark noopener noreferrer\">Alto Chorro Hike: Explore Stunning Waterfalls<\/a>\n\t\t\t<\/h3>\n\t\t\t\t\t\t<div class='uagb-post__text uagb-post-grid-byline'>\n\t\t\t\t\t\t\t<\/div>\n\t\t\t\t\t\t\t<div class='uagb-post__text uagb-post__excerpt'>\n\t\t\t\t\t<p>Alto Chorro Hike Enjoy an unforgettable hike to the Alto Chorro waterfall, located in...\t\t\t\t<\/div>\n\t\t\t\t\t\t<div class=\"uagb-post__text uagb-post__cta wp-block-button\">\n\t\t\t\t<a class=\"wp-block-button__link uagb-text-link\" style=\"\" href=\"https:\/\/robalotours.com\/en\/tours\/caminata-alto-chorro\/\" target=\"_self\" rel=\"bookmark noopener noreferrer\">More details<\/a>\n\t\t\t<\/div>\n\t\t\t\n\t\t\t\t\t\t\t\t\t<\/article>\n\t\t\t\t\t\t\t\t\t\t\t<\/div>\n\t\t\t<\/div>\n<\/div><\/div>","protected":false},"excerpt":{"rendered":"<p>Nuestros tours Conoce los tours que hacen de Panam\u00e1 un tesoro tropical<\/p>","protected":false},"author":1,"featured_media":0,"parent":0,"menu_order":0,"comment_status":"closed","ping_status":"closed","template":"","meta":{"_uag_custom_page_level_css":"","site-sidebar-layout":"no-sidebar","site-content-layout":"page-builder","ast-site-content-layout":"full-width-container","site-content-style":"default","site-sidebar-style":"default","ast-global-header-display":"","ast-banner-title-visibility":"","ast-main-header-display":"","ast-hfb-above-header-display":"","ast-hfb-below-header-display":"","ast-hfb-mobile-header-display":"","site-post-title":"disabled","ast-breadcrumbs-content":"","ast-featured-img":"","footer-sml-layout":"","ast-disable-related-posts":"","theme-transparent-header-meta":"enabled","adv-header-id-meta":"","stick-header-meta":"","header-above-stick-meta":"","header-main-stick-meta":"","header-below-stick-meta":"","astra-migrate-meta-layouts":"set","ast-page-background-enabled":"default","ast-page-background-meta":{"desktop":{"background-color":"","background-image":"","background-repeat":"repeat","background-position":"center center","background-size":"auto","background-attachment":"scroll","background-type":"","background-media":"","overlay-type":"","overlay-color":"","overlay-opacity":"","overlay-gradient":""},"tablet":{"background-color":"","background-image":"","background-repeat":"repeat","background-position":"center center","background-size":"auto","background-attachment":"scroll","background-type":"","background-media":"","overlay-type":"","overlay-color":"","overlay-opacity":"","overlay-gradient":""},"mobile":{"background-color":"","background-image":"","background-repeat":"repeat","background-position":"center center","background-size":"auto","background-attachment":"scroll","background-type":"","background-media":"","overlay-type":"","overlay-color":"","overlay-opacity":"","overlay-gradient":""}},"ast-content-background-meta":{"desktop":{"background-color":"var(--ast-global-color-5)","background-image":"","background-repeat":"repeat","background-position":"center center","background-size":"auto","background-attachment":"scroll","background-type":"","background-media":"","overlay-type":"","overlay-color":"","overlay-opacity":"","overlay-gradient":""},"tablet":{"background-color":"var(--ast-global-color-5)","background-image":"","background-repeat":"repeat","background-position":"center center","background-size":"auto","background-attachment":"scroll","background-type":"","background-media":"","overlay-type":"","overlay-color":"","overlay-opacity":"","overlay-gradient":""},"mobile":{"background-color":"var(--ast-global-color-5)","background-image":"","background-repeat":"repeat","background-position":"center center","background-size":"auto","background-attachment":"scroll","background-type":"","background-media":"","overlay-type":"","overlay-color":"","overlay-opacity":"","overlay-gradient":""}},"footnotes":""},"class_list":["post-1098","page","type-page","status-publish","hentry"],"aioseo_notices":[],"uagb_featured_image_src":{"full":false,"thumbnail":false,"medium":false,"medium_large":false,"large":false,"1536x1536":false,"2048x2048":false,"trp-custom-language-flag":false,"widget-thumbnail":false},"uagb_author_info":{"display_name":"contacto@neocorecr.com","author_link":"https:\/\/robalotours.com\/en\/author\/contactoneocorecr-com\/"},"uagb_comment_info":0,"uagb_excerpt":"Nuestros tours Conoce los tours que hacen de Panam\u00e1 un tesoro tropical","_links":{"self":[{"href":"https:\/\/robalotours.com\/en\/wp-json\/wp\/v2\/pages\/1098","targetHints":{"allow":["GET"]}}],"collection":[{"href":"https:\/\/robalotours.com\/en\/wp-json\/wp\/v2\/pages"}],"about":[{"href":"https:\/\/robalotours.com\/en\/wp-json\/wp\/v2\/types\/page"}],"author":[{"embeddable":true,"href":"https:\/\/robalotours.com\/en\/wp-json\/wp\/v2\/users\/1"}],"replies":[{"embeddable":true,"href":"https:\/\/robalotours.com\/en\/wp-json\/wp\/v2\/comments?post=1098"}],"version-history":[{"count":74,"href":"https:\/\/robalotours.com\/en\/wp-json\/wp\/v2\/pages\/1098\/revisions"}],"predecessor-version":[{"id":4742,"href":"https:\/\/robalotours.com\/en\/wp-json\/wp\/v2\/pages\/1098\/revisions\/4742"}],"wp:attachment":[{"href":"https:\/\/robalotours.com\/en\/wp-json\/wp\/v2\/media?parent=1098"}],"curies":[{"name":"wp","href":"https:\/\/api.w.org\/{rel}","templated":true}]}}