{"id":1102,"date":"2025-04-23T05:54:53","date_gmt":"2025-04-23T05:54:53","guid":{"rendered":"https:\/\/\/contact-us\/"},"modified":"2025-06-16T06:05:08","modified_gmt":"2025-06-16T06:05:08","slug":"contacto","status":"publish","type":"page","link":"https:\/\/robalotours.com\/en\/contacto\/","title":{"rendered":"Contacto | R\u00f3balo Tours Bocas del Toro, Panam\u00e1"},"content":{"rendered":"\n<div class=\"wp-block-uagb-container uagb-block-626be62d default uagb-is-root-container\">\n<div class=\"wp-block-uagb-advanced-heading uagb-block-ae52e61c\"><h4 class=\"uagb-heading-text\">Reserva tu pr\u00f3xima aventura<\/h4><\/div>\n<\/div>\n\n\n\n<div class=\"wp-block-uagb-container uagb-block-a4e2d778 alignfull uagb-is-root-container\"><div class=\"uagb-container-inner-blocks-wrap\">\n<div class=\"wp-block-uagb-container uagb-block-56011dac\">\n<div class=\"wp-block-uagb-advanced-heading uagb-block-c1830f82\"><h3 class=\"uagb-heading-text\">Cont\u00e1ctanos<\/h3><\/div>\n\n\n\n<p class=\"has-black-color has-text-color has-link-color wp-elements-f6b9c345e4388e39ebdbfe866e7a5138\" style=\"font-size:18px;font-style:normal;font-weight:400;line-height:1.6\">\u00bfEst\u00e1s listo para explorar el para\u00edso? Ya sea que tengas preguntas sobre nuestros tours, quieras personalizar una experiencia o simplemente necesites ayuda para planificar tu viaje a Bocas del Toro, estamos aqu\u00ed para ayudarte.<\/p>\n\n\n\n<div class=\"wp-block-uagb-icon-list uagb-block-8488bb9f\"><div class=\"uagb-icon-list__wrap\">\n<div class=\"wp-block-uagb-icon-list-child uagb-block-24f36c8a\"><span class=\"uagb-icon-list__source-wrap\"><svg xmlns=\"https:\/\/www.w3.org\/2000\/svg\" viewBox=\"0 0 512 512\"><path d=\"M511.2 387l-23.25 100.8c-3.266 14.25-15.79 24.22-30.46 24.22C205.2 512 0 306.8 0 54.5c0-14.66 9.969-27.2 24.22-30.45l100.8-23.25C139.7-2.602 154.7 5.018 160.8 18.92l46.52 108.5c5.438 12.78 1.77 27.67-8.98 36.45L144.5 207.1c33.98 69.22 90.26 125.5 159.5 159.5l44.08-53.8c8.688-10.78 23.69-14.51 36.47-8.975l108.5 46.51C506.1 357.2 514.6 372.4 511.2 387z\"><\/path><\/svg><\/span><span class=\"uagb-icon-list__label\">+507 6277-2338 \/ +507 6529-2406<\/span><\/div>\n\n\n\n<div class=\"wp-block-uagb-icon-list-child uagb-block-2072212b\"><a target=\"_self\" aria-label=\"robalotouraa.24@gmail.com\" rel=\"noopener noreferrer\" href=\"mailto:robalotouraa.24@gmail.com\"> <\/a><span class=\"uagb-icon-list__source-wrap\"><svg xmlns=\"https:\/\/www.w3.org\/2000\/svg\" viewBox=\"0 0 512 512\"><path d=\"M464 64C490.5 64 512 85.49 512 112C512 127.1 504.9 141.3 492.8 150.4L275.2 313.6C263.8 322.1 248.2 322.1 236.8 313.6L19.2 150.4C7.113 141.3 0 127.1 0 112C0 85.49 21.49 64 48 64H464zM217.6 339.2C240.4 356.3 271.6 356.3 294.4 339.2L512 176V384C512 419.3 483.3 448 448 448H64C28.65 448 0 419.3 0 384V176L217.6 339.2z\"><\/path><\/svg><\/span><span class=\"uagb-icon-list__label\">robalotouraa.24@gmail.com<\/span><\/div>\n<\/div><\/div>\n\n\n\n<div class=\"wp-block-uagb-container uagb-block-bea99593 default uagb-is-root-container\">\n<div class=\"wp-block-uagb-container uagb-block-9937dbee\">      \n\t\t\t<div class=\"uagb-icon-wrapper uagb-block-27bef13a      \"\n\t\t\tstyle=\"\" >\n\t\t\t\t\t\t\t\t\t<span class=\"uagb-svg-wrapper\" \n\t\t\t\t\t aria-label=\"whatsapp\"\t\t\t\t\ttabindex=\"0\">\t\t\n\t\t\t\t\t\t\t\t\t\t<a rel=\"noopener noreferrer\" href=\"https:\/\/wa.me\/50762772338\" target=\"_blank\"><svg xmlns=\"https:\/\/www.w3.org\/2000\/svg\" viewBox= \"0 0 448 512\" role=\"graphics-symbol\" aria-hidden=\"false\" aria-label=\"\"><path d=\"M380.9 97.1C339 55.1 283.2 32 223.9 32c-122.4 0-222 99.6-222 222 0 39.1 10.2 77.3 29.6 111L0 480l117.7-30.9c32.4 17.7 68.9 27 106.1 27h.1c122.3 0 224.1-99.6 224.1-222 0-59.3-25.2-115-67.1-157zm-157 341.6c-33.2 0-65.7-8.9-94-25.7l-6.7-4-69.8 18.3L72 359.2l-4.4-7c-18.5-29.4-28.2-63.3-28.2-98.2 0-101.7 82.8-184.5 184.6-184.5 49.3 0 95.6 19.2 130.4 54.1 34.8 34.9 56.2 81.2 56.1 130.5 0 101.8-84.9 184.6-186.6 184.6zm101.2-138.2c-5.5-2.8-32.8-16.2-37.9-18-5.1-1.9-8.8-2.8-12.5 2.8-3.7 5.6-14.3 18-17.6 21.8-3.2 3.7-6.5 4.2-12 1.4-32.6-16.3-54-29.1-75.5-66-5.7-9.8 5.7-9.1 16.3-30.3 1.8-3.7 .9-6.9-.5-9.7-1.4-2.8-12.5-30.1-17.1-41.2-4.5-10.8-9.1-9.3-12.5-9.5-3.2-.2-6.9-.2-10.6-.2-3.7 0-9.7 1.4-14.8 6.9-5.1 5.6-19.4 19-19.4 46.3 0 27.3 19.9 53.7 22.6 57.4 2.8 3.7 39.1 59.7 94.8 83.8 35.2 15.2 49 16.5 66.6 13.9 10.7-1.6 32.8-13.4 37.4-26.4 4.6-13 4.6-24.1 3.2-26.4-1.3-2.5-5-3.9-10.5-6.6z\"><\/path><\/svg><\/a>\n\t\t\t\t\t\t\t\t\t<\/span>\n\t\t\t\t\t\t\t<\/div>\n\t\t\t<\/div>\n\n\n\n<div class=\"wp-block-uagb-container uagb-block-53e3f60f\">      \n\t\t\t<div class=\"uagb-icon-wrapper uagb-block-ec3de4f5  wp-block-uagb-icon--has-margin    \"\n\t\t\tstyle=\"\" >\n\t\t\t\t\t\t\t\t<div class='uagb-icon-margin-wrapper'>\n\t\t\t\t\t\t\t\t\t<span class=\"uagb-svg-wrapper\" \n\t\t\t\t\t aria-label=\"instagram\"\t\t\t\t\ttabindex=\"0\">\t\t\n\t\t\t\t\t\t\t\t\t\t<a rel=\"noopener noreferrer\" href=\"https:\/\/www.instagram.com\/robalo_tours\/\" target=\"_blank\"><svg xmlns=\"https:\/\/www.w3.org\/2000\/svg\" viewBox= \"0 0 448 512\" role=\"graphics-symbol\" aria-hidden=\"false\" aria-label=\"\"><path d=\"M224.1 141c-63.6 0-114.9 51.3-114.9 114.9s51.3 114.9 114.9 114.9S339 319.5 339 255.9 287.7 141 224.1 141zm0 189.6c-41.1 0-74.7-33.5-74.7-74.7s33.5-74.7 74.7-74.7 74.7 33.5 74.7 74.7-33.6 74.7-74.7 74.7zm146.4-194.3c0 14.9-12 26.8-26.8 26.8-14.9 0-26.8-12-26.8-26.8s12-26.8 26.8-26.8 26.8 12 26.8 26.8zm76.1 27.2c-1.7-35.9-9.9-67.7-36.2-93.9-26.2-26.2-58-34.4-93.9-36.2-37-2.1-147.9-2.1-184.9 0-35.8 1.7-67.6 9.9-93.9 36.1s-34.4 58-36.2 93.9c-2.1 37-2.1 147.9 0 184.9 1.7 35.9 9.9 67.7 36.2 93.9s58 34.4 93.9 36.2c37 2.1 147.9 2.1 184.9 0 35.9-1.7 67.7-9.9 93.9-36.2 26.2-26.2 34.4-58 36.2-93.9 2.1-37 2.1-147.8 0-184.8zM398.8 388c-7.8 19.6-22.9 34.7-42.6 42.6-29.5 11.7-99.5 9-132.1 9s-102.7 2.6-132.1-9c-19.6-7.8-34.7-22.9-42.6-42.6-11.7-29.5-9-99.5-9-132.1s-2.6-102.7 9-132.1c7.8-19.6 22.9-34.7 42.6-42.6 29.5-11.7 99.5-9 132.1-9s102.7-2.6 132.1 9c19.6 7.8 34.7 22.9 42.6 42.6 11.7 29.5 9 99.5 9 132.1s2.7 102.7-9 132.1z\"><\/path><\/svg><\/a>\n\t\t\t\t\t\t\t\t\t<\/span>\n\t\t\t\t\t\t\t\t<\/div>\n\t\t\t\t\t\t\t<\/div>\n\t\t\t<\/div>\n<\/div>\n<\/div>\n\n\n\n<div class=\"wp-block-uagb-container uagb-block-8f750864\">\n<div class=\"wp-block-uagb-advanced-heading uagb-block-21d6913a\"><p class=\"uagb-heading-text\">D\u00e9janos tus datos y te responderemos con la mejor opci\u00f3n para tu aventura<\/p><\/div>\n\n\n<div class=\"wpforms-container wpforms-block wpforms-block-731884c3-5839-4048-b3a5-42bf5a1c7f48 wpforms-render-modern\" id=\"wpforms-7\"><form id=\"wpforms-form-7\" class=\"wpforms-validate wpforms-form\" data-formid=\"7\" method=\"post\" enctype=\"multipart\/form-data\" action=\"\/en\/wp-json\/wp\/v2\/pages\/1102\" data-token=\"97334d6c4d269e7f17ca25301907a67c\" data-token-time=\"1775722932\"><noscript class=\"wpforms-error-noscript\">Please enable JavaScript in your browser to complete this form.<\/noscript><div id=\"wpforms-error-noscript\" style=\"display: none;\">Please enable JavaScript in your browser to complete this form.<\/div><div class=\"wpforms-field-container\"><div id=\"wpforms-7-field_0-container\" class=\"wpforms-field wpforms-field-name formContact\" data-field-id=\"0\"><label class=\"wpforms-field-label\" for=\"wpforms-7-field_0\">Nombre Completo <span class=\"wpforms-required-label\" aria-hidden=\"true\">*<\/span><\/label><input type=\"text\" id=\"wpforms-7-field_0\" class=\"wpforms-field-large wpforms-field-required\" name=\"wpforms[fields][0]\" aria-errormessage=\"wpforms-7-field_0-error\" required><\/div>\t\t<div id=\"wpforms-7-field_3-container\"\n\t\t\tclass=\"wpforms-field wpforms-field-text\"\n\t\t\tdata-field-type=\"text\"\n\t\t\tdata-field-id=\"3\"\n\t\t\t>\n\t\t\t<label class=\"wpforms-field-label\" for=\"wpforms-7-field_3\" >te Nombre Mensaje<\/label>\n\t\t\t<input type=\"text\" id=\"wpforms-7-field_3\" class=\"wpforms-field-medium\" name=\"wpforms[fields][3]\" >\n\t\t<\/div>\n\t\t<div id=\"wpforms-7-field_1-container\" class=\"wpforms-field wpforms-field-email formContact\" data-field-id=\"1\"><label class=\"wpforms-field-label\" for=\"wpforms-7-field_1\">Correo electr\u00f3nico <span class=\"wpforms-required-label\" aria-hidden=\"true\">*<\/span><\/label><input type=\"email\" id=\"wpforms-7-field_1\" class=\"wpforms-field-large wpforms-field-required\" name=\"wpforms[fields][1]\" spellcheck=\"false\" aria-errormessage=\"wpforms-7-field_1-error\" required><\/div><div id=\"wpforms-7-field_4-container\" class=\"wpforms-field wpforms-field-select formContact wpforms-field-select-style-classic\" data-field-id=\"4\"><label class=\"wpforms-field-label\" for=\"wpforms-7-field_4\">\u00bfQu\u00e9 tour te interesa?  <span class=\"wpforms-required-label\" aria-hidden=\"true\">*<\/span><\/label><select id=\"wpforms-7-field_4\" class=\"wpforms-field-large wpforms-field-required\" name=\"wpforms[fields][4]\" required=\"required\"><option value=\"\" class=\"placeholder\" disabled  selected='selected'>Nuestros Tours<\/option><option value=\"Tour Bocas del Drago\"  class=\"choice-1 depth-1\"  >Tour Bocas del Drago<\/option><option value=\"Tour Punta Hospital\"  class=\"choice-2 depth-1\"  >Tour Punta Hospital<\/option><option value=\"Tour Cayo Zapatilla\"  class=\"choice-7 depth-1\"  >Tour Cayo Zapatilla<\/option><option value=\"Tour Escudo de Veraguas\"  class=\"choice-6 depth-1\"  >Tour Escudo de Veraguas<\/option><option value=\"Caminata Alto Chorro\"  class=\"choice-5 depth-1\"  >Caminata Alto Chorro<\/option><\/select><\/div><div id=\"wpforms-7-field_2-container\" class=\"wpforms-field wpforms-field-textarea formContact\" data-field-id=\"2\"><label class=\"wpforms-field-label\" for=\"wpforms-7-field_2\">Mensaje <span class=\"wpforms-required-label\" aria-hidden=\"true\">*<\/span><\/label><textarea id=\"wpforms-7-field_2\" class=\"wpforms-field-medium wpforms-field-required\" name=\"wpforms[fields][2]\" placeholder=\"Cu\u00e9ntanos m\u00e1s sobre tu grupo, fechas deseadas, si deseas transporte, alojamientos, etc. \" aria-errormessage=\"wpforms-7-field_2-error\" required><\/textarea><\/div><script>\n\t\t\t\t( function() {\n\t\t\t\t\tconst style = document.createElement( 'style' );\n\t\t\t\t\tstyle.appendChild( document.createTextNode( '#wpforms-7-field_3-container { position: absolute !important; overflow: hidden !important; display: inline !important; height: 1px !important; width: 1px !important; z-index: -1000 !important; padding: 0 !important; } #wpforms-7-field_3-container input { visibility: hidden; } #wpforms-conversational-form-page #wpforms-7-field_3-container label { counter-increment: none; }' ) );\n\t\t\t\t\tdocument.head.appendChild( style );\n\t\t\t\t\tdocument.currentScript?.remove();\n\t\t\t\t} )();\n\t\t\t<\/script><\/div><!-- .wpforms-field-container --><div class=\"wpforms-submit-container\" ><input type=\"hidden\" name=\"wpforms[id]\" value=\"7\"><input type=\"hidden\" name=\"page_title\" value=\"\"><input type=\"hidden\" name=\"page_url\" value=\"https:\/\/robalotours.com\/en\/wp-json\/wp\/v2\/pages\/1102\"><input type=\"hidden\" name=\"url_referer\" value=\"\"><button type=\"submit\" name=\"wpforms[submit]\" id=\"wpforms-submit-7\" class=\"wpforms-submit btn-enviar\" data-alt-text=\"Enviando...\" data-submit-text=\"Enviar\" aria-live=\"assertive\" value=\"wpforms-submit\">Enviar<\/button><\/div><\/form><\/div>  <!-- .wpforms-container --><\/div>\n<\/div><\/div>\n","protected":false},"excerpt":{"rendered":"<p>Reserva tu pr\u00f3xima aventura Cont\u00e1ctanos \u00bfEst\u00e1s listo para explorar el para\u00edso? Ya sea que tengas preguntas sobre nuestros tours, quieras personalizar una experiencia o simplemente necesites ayuda para planificar tu viaje a Bocas del Toro, estamos aqu\u00ed para ayudarte. D\u00e9janos tus datos y te responderemos con la mejor opci\u00f3n para tu aventura<\/p>","protected":false},"author":1,"featured_media":3759,"parent":0,"menu_order":0,"comment_status":"closed","ping_status":"closed","template":"","meta":{"_uag_custom_page_level_css":"","site-sidebar-layout":"no-sidebar","site-content-layout":"page-builder","ast-site-content-layout":"full-width-container","site-content-style":"default","site-sidebar-style":"default","ast-global-header-display":"","ast-banner-title-visibility":"","ast-main-header-display":"","ast-hfb-above-header-display":"","ast-hfb-below-header-display":"","ast-hfb-mobile-header-display":"","site-post-title":"disabled","ast-breadcrumbs-content":"","ast-featured-img":"","footer-sml-layout":"","ast-disable-related-posts":"","theme-transparent-header-meta":"enabled","adv-header-id-meta":"","stick-header-meta":"","header-above-stick-meta":"","header-main-stick-meta":"","header-below-stick-meta":"","astra-migrate-meta-layouts":"set","ast-page-background-enabled":"default","ast-page-background-meta":{"desktop":{"background-color":"","background-image":"","background-repeat":"repeat","background-position":"center center","background-size":"auto","background-attachment":"scroll","background-type":"","background-media":"","overlay-type":"","overlay-color":"","overlay-opacity":"","overlay-gradient":""},"tablet":{"background-color":"","background-image":"","background-repeat":"repeat","background-position":"center center","background-size":"auto","background-attachment":"scroll","background-type":"","background-media":"","overlay-type":"","overlay-color":"","overlay-opacity":"","overlay-gradient":""},"mobile":{"background-color":"","background-image":"","background-repeat":"repeat","background-position":"center center","background-size":"auto","background-attachment":"scroll","background-type":"","background-media":"","overlay-type":"","overlay-color":"","overlay-opacity":"","overlay-gradient":""}},"ast-content-background-meta":{"desktop":{"background-color":"var(--ast-global-color-5)","background-image":"","background-repeat":"repeat","background-position":"center center","background-size":"auto","background-attachment":"scroll","background-type":"","background-media":"","overlay-type":"","overlay-color":"","overlay-opacity":"","overlay-gradient":""},"tablet":{"background-color":"var(--ast-global-color-5)","background-image":"","background-repeat":"repeat","background-position":"center center","background-size":"auto","background-attachment":"scroll","background-type":"","background-media":"","overlay-type":"","overlay-color":"","overlay-opacity":"","overlay-gradient":""},"mobile":{"background-color":"var(--ast-global-color-5)","background-image":"","background-repeat":"repeat","background-position":"center center","background-size":"auto","background-attachment":"scroll","background-type":"","background-media":"","overlay-type":"","overlay-color":"","overlay-opacity":"","overlay-gradient":""}},"footnotes":""},"class_list":["post-1102","page","type-page","status-publish","has-post-thumbnail","hentry"],"aioseo_notices":[],"uagb_featured_image_src":{"full":["https:\/\/robalotours.com\/wp-content\/uploads\/2025\/05\/isla-de-los-pajaros-robalo-tours-1-scaled.webp",1920,2560,false],"thumbnail":["https:\/\/robalotours.com\/wp-content\/uploads\/2025\/05\/isla-de-los-pajaros-robalo-tours-1-150x150.webp",150,150,true],"medium":["https:\/\/robalotours.com\/wp-content\/uploads\/2025\/05\/isla-de-los-pajaros-robalo-tours-1-225x300.webp",225,300,true],"medium_large":["https:\/\/robalotours.com\/wp-content\/uploads\/2025\/05\/isla-de-los-pajaros-robalo-tours-1-768x1024.webp",768,1024,true],"large":["https:\/\/robalotours.com\/wp-content\/uploads\/2025\/05\/isla-de-los-pajaros-robalo-tours-1-768x1024.webp",768,1024,true],"1536x1536":["https:\/\/robalotours.com\/wp-content\/uploads\/2025\/05\/isla-de-los-pajaros-robalo-tours-1-1152x1536.webp",1152,1536,true],"2048x2048":["https:\/\/robalotours.com\/wp-content\/uploads\/2025\/05\/isla-de-los-pajaros-robalo-tours-1-1536x2048.webp",1536,2048,true],"trp-custom-language-flag":["https:\/\/robalotours.com\/wp-content\/uploads\/2025\/05\/isla-de-los-pajaros-robalo-tours-1-9x12.webp",9,12,true],"widget-thumbnail":["https:\/\/robalotours.com\/wp-content\/uploads\/2025\/05\/isla-de-los-pajaros-robalo-tours-1-scaled.webp",56,75,false]},"uagb_author_info":{"display_name":"contacto@neocorecr.com","author_link":"https:\/\/robalotours.com\/en\/author\/contactoneocorecr-com\/"},"uagb_comment_info":0,"uagb_excerpt":"Reserva tu pr\u00f3xima aventura Cont\u00e1ctanos \u00bfEst\u00e1s listo para explorar el para\u00edso? Ya sea que tengas preguntas sobre nuestros tours, quieras personalizar una experiencia o simplemente necesites ayuda para planificar tu viaje a Bocas del Toro, estamos aqu\u00ed para ayudarte. D\u00e9janos tus datos y te responderemos con la mejor opci\u00f3n para tu aventura","_links":{"self":[{"href":"https:\/\/robalotours.com\/en\/wp-json\/wp\/v2\/pages\/1102","targetHints":{"allow":["GET"]}}],"collection":[{"href":"https:\/\/robalotours.com\/en\/wp-json\/wp\/v2\/pages"}],"about":[{"href":"https:\/\/robalotours.com\/en\/wp-json\/wp\/v2\/types\/page"}],"author":[{"embeddable":true,"href":"https:\/\/robalotours.com\/en\/wp-json\/wp\/v2\/users\/1"}],"replies":[{"embeddable":true,"href":"https:\/\/robalotours.com\/en\/wp-json\/wp\/v2\/comments?post=1102"}],"version-history":[{"count":39,"href":"https:\/\/robalotours.com\/en\/wp-json\/wp\/v2\/pages\/1102\/revisions"}],"predecessor-version":[{"id":4730,"href":"https:\/\/robalotours.com\/en\/wp-json\/wp\/v2\/pages\/1102\/revisions\/4730"}],"wp:featuredmedia":[{"embeddable":true,"href":"https:\/\/robalotours.com\/en\/wp-json\/wp\/v2\/media\/3759"}],"wp:attachment":[{"href":"https:\/\/robalotours.com\/en\/wp-json\/wp\/v2\/media?parent=1102"}],"curies":[{"name":"wp","href":"https:\/\/api.w.org\/{rel}","templated":true}]}}