{"id":3,"date":"2025-04-23T05:54:00","date_gmt":"2025-04-23T05:54:00","guid":{"rendered":"http:\/\/robalotours.com\/?page_id=3"},"modified":"2025-06-18T02:08:53","modified_gmt":"2025-06-18T02:08:53","slug":"aviso-privacidad","status":"publish","type":"page","link":"https:\/\/robalotours.com\/en\/aviso-privacidad\/","title":{"rendered":"Aviso de privacidad &#8211; R\u00f3balo Tours"},"content":{"rendered":"<div class=\"wp-block-uagb-advanced-heading uagb-block-0e358de3\"><p class=\"uagb-heading-text\"><strong>AVISO DE PRIVACIDAD<br><\/strong><br>R\u00f3balo Tours, con domicilio en Bocas del Toro, Panam\u00e1, es el responsable del uso y protecci\u00f3n de sus datos personales.<br><br><strong>FINALIDADES PRIMARIAS<br><\/strong>Los datos personales que recabamos de usted, los utilizaremos para las siguientes finalidades que son necesarias para el servicio que solicita:<br><br>\u2022 Respuesta a mensajes del formulario de contacto<br><br><strong>DATOS PERSONALES RECABADOS<br><\/strong>Para las finalidades se\u00f1aladas en el presente aviso de privacidad, podemos recabar sus datos de identificaci\u00f3n y contacto.<br><br><strong>DERECHOS ARCO<br><\/strong>Usted tiene derecho a conocer qu\u00e9 datos personales tenemos de usted, para qu\u00e9 los utilizamos y las condiciones del uso que les damos (Acceso). Asimismo, es su derecho solicitar la correcci\u00f3n de su informaci\u00f3n personal en caso de que est\u00e9 desactualizada, sea inexacta o incompleta (Rectificaci\u00f3n); que la eliminemos de nuestros registros o bases de datos cuando considere que la misma no est\u00e1 siendo utilizada adecuadamente (Cancelaci\u00f3n); as\u00ed como oponerse al uso de sus datos personales para fines espec\u00edficos (Oposici\u00f3n). Estos derechos se conocen como derechos ARCO.<br><br>Para el ejercicio de cualquiera de los derechos ARCO, usted deber\u00e1 presentar la solicitud respectiva a trav\u00e9s de los medios especificados. La respuesta a su solicitud ser\u00e1 atendida en un plazo m\u00e1ximo de 15 d\u00edas h\u00e1biles.<br><br><strong>DATOS RECABADOS POR EL SITIO WEB<br><\/strong>Nuestro sitio web recaba autom\u00e1ticamente los siguientes datos:<br><br>\u2022 Identificadores, nombre de usuario y contrase\u00f1as de sesi\u00f3n<br><br><strong>CONTACTO<br><\/strong>Para m\u00e1s informaci\u00f3n sobre este aviso de privacidad, puede contactarnos en:<br><br>Correo electr\u00f3nico: robalotouraa.24@gmail.com<br>Sitio web: https:\/\/robalotours.com\/<br><br>\u00daltima actualizaci\u00f3n: 17\/6\/2025<\/p><\/div>","protected":false},"excerpt":{"rendered":"<p>AVISO DE PRIVACIDADR\u00f3balo Tours, con domicilio en Bocas del Toro, Panam\u00e1, es el responsable del uso y protecci\u00f3n de sus datos personales. FINALIDADES PRIMARIASLos datos personales que recabamos de usted, los utilizaremos para las siguientes finalidades que son necesarias para el servicio que solicita: \u2022 Respuesta a mensajes del formulario de contacto DATOS PERSONALES RECABADOSPara [&hellip;]<\/p>\n","protected":false},"author":1,"featured_media":0,"parent":0,"menu_order":0,"comment_status":"closed","ping_status":"closed","template":"","meta":{"_uag_custom_page_level_css":"","site-sidebar-layout":"default","site-content-layout":"","ast-site-content-layout":"default","site-content-style":"default","site-sidebar-style":"default","ast-global-header-display":"","ast-banner-title-visibility":"","ast-main-header-display":"","ast-hfb-above-header-display":"","ast-hfb-below-header-display":"","ast-hfb-mobile-header-display":"","site-post-title":"disabled","ast-breadcrumbs-content":"","ast-featured-img":"","footer-sml-layout":"","ast-disable-related-posts":"","theme-transparent-header-meta":"","adv-header-id-meta":"","stick-header-meta":"","header-above-stick-meta":"","header-main-stick-meta":"","header-below-stick-meta":"","astra-migrate-meta-layouts":"set","ast-page-background-enabled":"default","ast-page-background-meta":{"desktop":{"background-color":"","background-image":"","background-repeat":"repeat","background-position":"center center","background-size":"auto","background-attachment":"scroll","background-type":"","background-media":"","overlay-type":"","overlay-color":"","overlay-opacity":"","overlay-gradient":""},"tablet":{"background-color":"","background-image":"","background-repeat":"repeat","background-position":"center center","background-size":"auto","background-attachment":"scroll","background-type":"","background-media":"","overlay-type":"","overlay-color":"","overlay-opacity":"","overlay-gradient":""},"mobile":{"background-color":"","background-image":"","background-repeat":"repeat","background-position":"center center","background-size":"auto","background-attachment":"scroll","background-type":"","background-media":"","overlay-type":"","overlay-color":"","overlay-opacity":"","overlay-gradient":""}},"ast-content-background-meta":{"desktop":{"background-color":"var(--ast-global-color-5)","background-image":"","background-repeat":"repeat","background-position":"center center","background-size":"auto","background-attachment":"scroll","background-type":"","background-media":"","overlay-type":"","overlay-color":"","overlay-opacity":"","overlay-gradient":""},"tablet":{"background-color":"var(--ast-global-color-5)","background-image":"","background-repeat":"repeat","background-position":"center center","background-size":"auto","background-attachment":"scroll","background-type":"","background-media":"","overlay-type":"","overlay-color":"","overlay-opacity":"","overlay-gradient":""},"mobile":{"background-color":"var(--ast-global-color-5)","background-image":"","background-repeat":"repeat","background-position":"center center","background-size":"auto","background-attachment":"scroll","background-type":"","background-media":"","overlay-type":"","overlay-color":"","overlay-opacity":"","overlay-gradient":""}},"footnotes":""},"class_list":["post-3","page","type-page","status-publish","hentry"],"aioseo_notices":[],"uagb_featured_image_src":{"full":false,"thumbnail":false,"medium":false,"medium_large":false,"large":false,"1536x1536":false,"2048x2048":false,"trp-custom-language-flag":false,"widget-thumbnail":false},"uagb_author_info":{"display_name":"contacto@neocorecr.com","author_link":"https:\/\/robalotours.com\/en\/author\/contactoneocorecr-com\/"},"uagb_comment_info":0,"uagb_excerpt":"AVISO DE PRIVACIDADR\u00f3balo Tours, con domicilio en Bocas del Toro, Panam\u00e1, es el responsable del uso y protecci\u00f3n de sus datos personales. FINALIDADES PRIMARIASLos datos personales que recabamos de usted, los utilizaremos para las siguientes finalidades que son necesarias para el servicio que solicita: \u2022 Respuesta a mensajes del formulario de contacto DATOS PERSONALES RECABADOSPara&hellip;","_links":{"self":[{"href":"https:\/\/robalotours.com\/en\/wp-json\/wp\/v2\/pages\/3","targetHints":{"allow":["GET"]}}],"collection":[{"href":"https:\/\/robalotours.com\/en\/wp-json\/wp\/v2\/pages"}],"about":[{"href":"https:\/\/robalotours.com\/en\/wp-json\/wp\/v2\/types\/page"}],"author":[{"embeddable":true,"href":"https:\/\/robalotours.com\/en\/wp-json\/wp\/v2\/users\/1"}],"replies":[{"embeddable":true,"href":"https:\/\/robalotours.com\/en\/wp-json\/wp\/v2\/comments?post=3"}],"version-history":[{"count":2,"href":"https:\/\/robalotours.com\/en\/wp-json\/wp\/v2\/pages\/3\/revisions"}],"predecessor-version":[{"id":4783,"href":"https:\/\/robalotours.com\/en\/wp-json\/wp\/v2\/pages\/3\/revisions\/4783"}],"wp:attachment":[{"href":"https:\/\/robalotours.com\/en\/wp-json\/wp\/v2\/media?parent=3"}],"curies":[{"name":"wp","href":"https:\/\/api.w.org\/{rel}","templated":true}]}}